{"id":1047,"date":"2021-04-13T15:41:16","date_gmt":"2021-04-13T15:41:16","guid":{"rendered":"https:\/\/apl.uni-ak.ac.at\/?page_id=1047"},"modified":"2021-05-31T11:55:35","modified_gmt":"2021-05-31T11:55:35","slug":"research","status":"publish","type":"page","link":"https:\/\/apl.uni-ak.ac.at\/index.php\/research\/","title":{"rendered":"Research"},"content":{"rendered":"<h2>APL als Forschungsumgebung<\/h2>\n<p>Das APL unterst\u00fctzt den Austausch \u00fcber performative, k\u00fcnstlerische und forschende Praxen durch transdisziplin\u00e4re und experimentelle Kritik- und Feedbackkultur. Als Forschungsumgebung mit Fokus auf die Beziehung von K\u00f6rper, Wahrnehmung und Kunst und Gesellschaft in post-digitalen Kontexten, vernetzt\u00a0 es laufende Projekte und ist Partner f\u00fcr Drittmittel Antr\u00e4ge in Dialog mit dem Support Kunst und Forschung der Universit\u00e4t f\u00fcr Angewandte Kunst Wien.<\/p>\n<p>Das APL setzt sich zum Ziel, Peer-to-Peer Diskurse zu vertiefen, Voraussetzungen f\u00fcr ein produktives Verh\u00e4ltnis zwischen Lehre und Forschung zu schaffen, sowie internationale Partnerschaften zu etablieren.<\/p>\n<p>Die Dissemination von Forschungsergebnissen durch Symposien, Showings, Gastvortr\u00e4ge oder Tagungen, werden durch die Pr\u00e4sentationsformate<a href=\"https:\/\/apl.uni-ak.ac.at\/index.php\/presence\/\"><em> APL in Dialogue <\/em><\/a>und <em><a href=\"https:\/\/apl.uni-ak.ac.at\/index.php\/upcoming-events\/\">APL Presence <\/a><\/em>sowie<a href=\"https:\/\/apl.uni-ak.ac.at\/index.php\/presence\/\"><em> Shared Practice <\/em><\/a>erm\u00f6glicht.<\/p>\n<ul>\n<li><a href=\"https:\/\/apl.uni-ak.ac.at\/index.php\/research\/intra-projects\/\">Aktuelle INTRA-Projekte<\/a><\/li>\n<li><a href=\"https:\/\/apl.uni-ak.ac.at\/index.php\/research\/peek-projects\/\">Aktuelle PEEK-Projekte<\/a><\/li>\n<\/ul>\n<h2>APL as Research Environment<\/h2>\n<p><em>The APL supports exchange on performative, artistic and research practices through transdisciplinary and experimental critique and feedback culture. As a research environment with a focus on the relationship between body, perception and art and society in post-digital contexts, it networks ongoing projects and is a partner for third-party funding applications in dialogue with the Support Art and Research of the University of Applied Arts Vienna.<\/em><\/p>\n<p><em>The APL aims to deepen peer-to-peer discourses, to create conditions for a productive relationship between teaching and research, and to establish international partnerships.<\/em><\/p>\n<p><em>The dissemination of research results through symposia, showings, guest lectures or conferences is facilitated by the presentation formats APL in Dialogue and <a href=\"https:\/\/apl.uni-ak.ac.at\/index.php\/upcoming-events\/\">APL Presence<\/a> as well as Shared Practice<\/em><\/p>\n<ul>\n<li><em><a href=\"https:\/\/apl.uni-ak.ac.at\/index.php\/research\/intra-projects\/\">Current INTRA-Projects<\/a><\/em><\/li>\n<li><em><a href=\"https:\/\/apl.uni-ak.ac.at\/index.php\/research\/peek-projects\/\">Current PEEK-Projects<\/a><\/em><\/li>\n<\/ul>\n\n\n<p><\/p>\n","protected":false},"excerpt":{"rendered":"<p>APL als Forschungsumgebung Das APL unterst\u00fctzt den Austausch \u00fcber performative, k\u00fcnstlerische und forschende Praxen durch transdisziplin\u00e4re und experimentelle Kritik- und Feedbackkultur. Als [&hellip;]<\/p>\n","protected":false},"author":1,"featured_media":0,"parent":0,"menu_order":0,"comment_status":"closed","ping_status":"closed","template":"","meta":{"footnotes":""},"class_list":["post-1047","page","type-page","status-publish","hentry"],"_links":{"self":[{"href":"https:\/\/apl.uni-ak.ac.at\/index.php\/wp-json\/wp\/v2\/pages\/1047","targetHints":{"allow":["GET"]}}],"collection":[{"href":"https:\/\/apl.uni-ak.ac.at\/index.php\/wp-json\/wp\/v2\/pages"}],"about":[{"href":"https:\/\/apl.uni-ak.ac.at\/index.php\/wp-json\/wp\/v2\/types\/page"}],"author":[{"embeddable":true,"href":"https:\/\/apl.uni-ak.ac.at\/index.php\/wp-json\/wp\/v2\/users\/1"}],"replies":[{"embeddable":true,"href":"https:\/\/apl.uni-ak.ac.at\/index.php\/wp-json\/wp\/v2\/comments?post=1047"}],"version-history":[{"count":10,"href":"https:\/\/apl.uni-ak.ac.at\/index.php\/wp-json\/wp\/v2\/pages\/1047\/revisions"}],"predecessor-version":[{"id":1230,"href":"https:\/\/apl.uni-ak.ac.at\/index.php\/wp-json\/wp\/v2\/pages\/1047\/revisions\/1230"}],"wp:attachment":[{"href":"https:\/\/apl.uni-ak.ac.at\/index.php\/wp-json\/wp\/v2\/media?parent=1047"}],"curies":[{"name":"wp","href":"https:\/\/api.w.org\/{rel}","templated":true}]}}