{"id":3,"date":"2019-10-28T08:52:05","date_gmt":"2019-10-28T08:52:05","guid":{"rendered":"https:\/\/apl.uni-ak.ac.at\/?page_id=3"},"modified":"2020-04-16T13:00:38","modified_gmt":"2020-04-16T13:00:38","slug":"impressum","status":"publish","type":"page","link":"https:\/\/apl.uni-ak.ac.at\/index.php\/impressum\/","title":{"rendered":"Impressum"},"content":{"rendered":"\n<p><\/p>\n\n\n\n<p><strong>Angewandte Performance Laboratory<\/strong><br>University of Applied Arts | Vordere Zollamtsstra\u00dfe 7 | A &#8211; 1030 Vienna<br>www.apl.uni-ak.ac.at<\/p>\n\n\n\n<p>S\u00e4mtliche Texte auf dieser Homepage wurden sorgf\u00e4ltig gepr\u00fcft; dessen ungeachtet kann keine Garantie f\u00fcr die Richtigkeit, Vollst\u00e4ndigkeit und Aktualit\u00e4t der Angaben \u00fcbernommen werden. Eine Haftung der Universit\u00e4t f\u00fcr angewandte Kunst Wien wird daher ausgeschlossen. Die Links zu anderen Webseiten wurden sorgf\u00e4ltig ausgew\u00e4hlt. Da die Universit\u00e4t f\u00fcr angewandte Kunst Wien auf deren Inhalt keinen Einfluss hat, \u00fcbernimmt sie daf\u00fcr keine Verantwortung.<\/p>\n\n\n\n<p><em>All texts on this homepage have been carefully checked; Nevertheless, no guarantee can be given for the correctness, completeness and timeliness of the information. Liability of the University of Applied Arts Vienna is therefore excluded. The links to other websites have been carefully selected. Since the University of Applied Arts Vienna has no influence on its content, it assumes no responsibility for it.<\/em><\/p>\n","protected":false},"excerpt":{"rendered":"<p>Angewandte Performance LaboratoryUniversity of Applied Arts | Vordere Zollamtsstra\u00dfe 7 | A &#8211; 1030 Viennawww.apl.uni-ak.ac.at S\u00e4mtliche Texte auf dieser Homepage wurden sorgf\u00e4ltig [&hellip;]<\/p>\n","protected":false},"author":1,"featured_media":0,"parent":0,"menu_order":0,"comment_status":"closed","ping_status":"closed","template":"","meta":{"footnotes":""},"class_list":["post-3","page","type-page","status-publish","hentry"],"_links":{"self":[{"href":"https:\/\/apl.uni-ak.ac.at\/index.php\/wp-json\/wp\/v2\/pages\/3","targetHints":{"allow":["GET"]}}],"collection":[{"href":"https:\/\/apl.uni-ak.ac.at\/index.php\/wp-json\/wp\/v2\/pages"}],"about":[{"href":"https:\/\/apl.uni-ak.ac.at\/index.php\/wp-json\/wp\/v2\/types\/page"}],"author":[{"embeddable":true,"href":"https:\/\/apl.uni-ak.ac.at\/index.php\/wp-json\/wp\/v2\/users\/1"}],"replies":[{"embeddable":true,"href":"https:\/\/apl.uni-ak.ac.at\/index.php\/wp-json\/wp\/v2\/comments?post=3"}],"version-history":[{"count":1,"href":"https:\/\/apl.uni-ak.ac.at\/index.php\/wp-json\/wp\/v2\/pages\/3\/revisions"}],"predecessor-version":[{"id":396,"href":"https:\/\/apl.uni-ak.ac.at\/index.php\/wp-json\/wp\/v2\/pages\/3\/revisions\/396"}],"wp:attachment":[{"href":"https:\/\/apl.uni-ak.ac.at\/index.php\/wp-json\/wp\/v2\/media?parent=3"}],"curies":[{"name":"wp","href":"https:\/\/api.w.org\/{rel}","templated":true}]}}